{"id":98,"date":"2025-09-27T18:10:21","date_gmt":"2025-09-27T18:10:21","guid":{"rendered":"https:\/\/www.pestujhely.reformatus.hu\/?page_id=98"},"modified":"2025-10-05T17:10:11","modified_gmt":"2025-10-05T17:10:11","slug":"98-2","status":"publish","type":"page","link":"https:\/\/www.pestujhely.reformatus.hu\/?page_id=98","title":{"rendered":"Solus Christus"},"content":{"rendered":"\n<div class=\"wp-block-cover alignfull is-light has-large-font-size has-aspect-ratio\" style=\"border-style:none;border-width:0px;margin-top:0;margin-bottom:0;padding-top:0;padding-right:0;padding-bottom:0;padding-left:0;aspect-ratio:auto;min-height:unset;\"><img loading=\"lazy\" decoding=\"async\" width=\"1024\" height=\"682\" class=\"wp-block-cover__image-background wp-image-99\" alt=\"\" src=\"https:\/\/www.pestujhely.reformatus.hu\/wp-content\/uploads\/2025\/09\/realistic-luxury-background_23-2149331831-1-1024x682.webp\" data-object-fit=\"cover\" srcset=\"https:\/\/www.pestujhely.reformatus.hu\/wp-content\/uploads\/2025\/09\/realistic-luxury-background_23-2149331831-1-1024x682.webp 1024w, https:\/\/www.pestujhely.reformatus.hu\/wp-content\/uploads\/2025\/09\/realistic-luxury-background_23-2149331831-1-300x200.webp 300w, https:\/\/www.pestujhely.reformatus.hu\/wp-content\/uploads\/2025\/09\/realistic-luxury-background_23-2149331831-1-768x512.webp 768w, https:\/\/www.pestujhely.reformatus.hu\/wp-content\/uploads\/2025\/09\/realistic-luxury-background_23-2149331831-1-1536x1024.webp 1536w, https:\/\/www.pestujhely.reformatus.hu\/wp-content\/uploads\/2025\/09\/realistic-luxury-background_23-2149331831-1.webp 2000w\" sizes=\"auto, (max-width: 1024px) 100vw, 1024px\" \/><span aria-hidden=\"true\" class=\"wp-block-cover__background has-background-dim-10 has-background-dim\"><\/span><div class=\"wp-block-cover__inner-container is-layout-flow wp-block-cover-is-layout-flow\">\n<p class=\"has-text-align-center has-large-font-size\">SOLUS CHRISTUS<\/p>\n\n\n\n<p class=\"has-text-align-center\">Egyed\u00fcl Krisztus!<\/p>\n\n\n\n<p><\/p>\n<\/div><\/div>\n\n\n\n<p>&#8230;<\/p>\n\n\n\n<figure class=\"wp-block-image size-full\"><img loading=\"lazy\" decoding=\"async\" width=\"720\" height=\"960\" src=\"https:\/\/www.pestujhely.reformatus.hu\/wp-content\/uploads\/2025\/10\/VDM-Solus-Christus.jpg\" alt=\"\" class=\"wp-image-266\" srcset=\"https:\/\/www.pestujhely.reformatus.hu\/wp-content\/uploads\/2025\/10\/VDM-Solus-Christus.jpg 720w, https:\/\/www.pestujhely.reformatus.hu\/wp-content\/uploads\/2025\/10\/VDM-Solus-Christus-225x300.jpg 225w\" sizes=\"auto, (max-width: 720px) 100vw, 720px\" \/><\/figure>\n\n\n\n<p class=\"has-text-align-center\">AZ \u00daR J\u00c9ZUS KRISZTUS P\u00c1RATLAN SZEM\u00c9LY\u00c9R\u0150L<\/p>\n\n\n\n<p><em>\u201eKrisztus, Aki mindenek felett \u00f6r\u00f6kk\u00e9 \u00e1ldand\u00f3 Isten. \u00c1men.&#8221; <\/em>(R\u00f3ma 9, 5)<\/p>\n\n\n\n<p><em>&#8220;Az Ige volt az igazi vil\u00e1goss\u00e1g, amely megvil\u00e1gos\u00edt minden embert: \u0150 j\u00f6tt el a vil\u00e1gba.<\/em>&#8221; (J\u00e1nos 1,9)<\/p>\n\n\n\n<p>Az \u00dar J\u00e9zus Krisztus csod\u00e1latos szem\u00e9lye az eg\u00e9sz Szent\u00edr\u00e1s k\u00f6z\u00e9ppontj\u00e1ban van.<\/p>\n\n\n\n<p>A Szent Biblia vil\u00e1gosan \u00e9s egy\u00e9rtelm\u0171en tan\u00edtja azt a t\u00e9nyt, hogy \u0150 a dics\u0151s\u00e9ges Szenth\u00e1roms\u00e1g egy igaz Isten m\u00e1sodik szem\u00e9lye.<\/p>\n\n\n\n<p>a) \u00d6r\u00f6kt\u0151l fogva val\u00f3, nincs kezdete (Jn 17,5).<\/p>\n\n\n\n<p>b) Minden\u00fctt jelenval\u00f3. (Mt 28,20).<\/p>\n\n\n\n<p>c) Mindenhat\u00f3. Hatalma korl\u00e1tlan (Mt 28,18).<\/p>\n\n\n\n<p>d) Mindentud\u00f3. Tud\u00e1sa is korl\u00e1tlan (Jn 21,17).<\/p>\n\n\n\n<p>e) V\u00e1ltozhatatlan. Tegnap \u00e9s ma \u00e9s \u00f6r\u00f6kk\u00e9 ugyanaz (Zsid\u00f3k 13,8).<\/p>\n\n\n\n<p>***<\/p>\n\n\n\n<p>AZ \u00daR J\u00c9ZUS KRISZTUS HATALMA<\/p>\n\n\n\n<p>Amikor az \u00dar J\u00e9zus Krisztus itt \u00e9lt k\u00f6z\u00f6tt\u00fcnk testben, mindig nagy t\u00f6meg vette \u0150t k\u00f6r\u00fcl.<\/p>\n\n\n\n<p>Mell\u00e9 \u00fcltek az emberek, \u00e9s szinte itt\u00e1k szavait.<\/p>\n\n\n\n<p>Olyankor elcsitult a zaj, lecsendes\u00fclt az indulat, kisimultak a r\u00e1ncok, kiengedtek az \u00f6k\u00f6lbe szor\u00edtott kezek, \u00e9s felfriss\u00fclt a sz\u00edv.<\/p>\n\n\n\n<p>Hatalma szav\u00e1ra a hi\u00fa mag\u00e1ba sz\u00e1llt, a haragos kib\u00e9k\u00fclt, a s\u00e9rtett megbocs\u00e1tott, a j\u00e9gsz\u00edvek felengedtek, a s\u00f6t\u00e9t gondfellegek elt\u0171ntek, \u00e9s a vihar el\u00e1llt, mert ahol \u0150t hittel befogadt\u00e1k, ott mindig b\u00e9kess\u00e9get adott.<\/p>\n\n\n\n<p>Az Ige b\u00e9kess\u00e9get ad\u00f3 hatalma, \u00e9letform\u00e1l\u00f3 ereje, \u00e9letment\u0151 szerepe soha semmi m\u00e1ssal nem p\u00f3tolhat\u00f3. Az evang\u00e9lium minden korban friss \u00e9s \u00faj marad. Ma is dacol id\u0151vel, ideol\u00f3gi\u00e1kkal, mert az \u00dar J\u00e9zus Krisztus keresztje kit\u00f6r\u00f6lhetetlen\u00fcl ott \u00e1ll az emberis\u00e9g sors\u00e1nak centrum\u00e1ban.<\/p>\n\n\n\n<p>Rend\u00fcletlen\u00fcl k\u00edn\u00e1lja a kegyelmet, \u00e9s hirdeti az egyetlen es\u00e9lyt, a helyes utat, az egyed\u00fcli megold\u00e1st, amit Isten k\u00e9sz\u00edtett az ember sz\u00e1m\u00e1ra.<\/p>\n\n\n\n<p>Aki ma b\u0171nbocs\u00e1natra, \u00e1ld\u00e1sra, b\u00e9kess\u00e9gre, nyugalomra, biztons\u00e1gra \u00e9s \u00fcdv\u00f6ss\u00e9gre v\u00e1gyik, az egyszer\u0171en nem \u00e9lhet az \u00dar J\u00e9zus Krisztus n\u00e9lk\u00fcl, mert ezeket csak \u0150 adhatja meg!<\/p>\n\n\n\n<p>Aki ma veszi a b\u00e1tors\u00e1got \u00e9s v\u00e1llalja, hogy az \u00dar J\u00e9zust igaz\u00e1n megismeri \u00e9s sz\u00edvb\u0151l befogadja, akkor ott a Szentl\u00e9lek hatalma \u00e1ltal \u00faj \u00e9let fakad, minden \u00fajj\u00e1 lesz, \u00e9s mennyei b\u00e9kess\u00e9g \u00e1rad az \u00e9let\u00e9be.<\/p>\n\n\n\n<p>Az \u00dar J\u00e9zus Krisztus mondja: \u201eAki velem nem gy\u0171jt, az t\u00e9kozol.&#8221; (M\u00e1t\u00e9 12,30<\/p>\n\n\n\n<p>J\u00c9ZUS KRISZTUS CSOD\u00c1LATOS \u00daR MINDENEK FELETT!<\/p>\n\n\n\n<p>Nincs fontosabb a f\u00f6ldi \u00e9letben, mint megismerni \u00e9s k\u00f6vetni a mi \u00c1ldott Megv\u00e1lt\u00f3nkat az \u00dar J\u00e9zus Krisztus! \u0150 a dics\u0151s\u00e9ges Szenth\u00e1roms\u00e1g egy \u00f6r\u00f6k Isten m\u00e1sodik szem\u00e9lye, Aki egyenl\u0151 az Aty\u00e1val \u00e9s a Szentl\u00e9lekkel.<\/p>\n\n\n\n<p>Mekkora KINCSNEK lehet\u00fcnk birtokosai, ha az \u00e1ldott Ig\u00e9b\u0151l az \u0150 szem\u00e9ly\u00e9t megismerhetj\u00fck, hatalm\u00e1ra gyermeki hittel r\u00e1csod\u00e1lkozhatunk, szent Ig\u00e9j\u00e9t, tan\u00edt\u00e1s\u00e1t meg\u00e9rthetj\u00fck, befogadhatjuk, sz\u00edv\u00fcnkbe z\u00e1rhatjuk!<\/p>\n\n\n\n<p>Isten gyermekek\u00e9nt \u00f6rvendezhet\u00fcnk a mi \u00e1ldott Isten\u00fcnknek, aki annyira szeret, hogy egysz\u00fcl\u00f6tt Fi\u00e1ban, az \u00dar J\u00e9zus Krisztusban kiv\u00e1lasztott \u00e9s megv\u00e1ltott minket b\u0171neinkb\u0151l, akinek dics\u0151s\u00e9g\u00e9ben r\u00e9szes\u00fclhet\u00fcnk!<\/p>\n\n\n\n<p>\u201eMi pedig h\u00e1l\u00e1val tartozunk az Istennek mindenkor \u00e9rtetek, testv\u00e9reim, akiket szeret az \u00dar, mert KIV\u00c1LASZTOTT TITEKET az Isten kezdett\u0151l fogva az \u00fcdv\u00f6ss\u00e9gre, a L\u00e9lek megszentel\u0151 munk\u00e1ja \u00e9s az igazs\u00e1gba vetett hit \u00e1ltal kezdett\u0151l fogva: Erre h\u00edvott el titeket a mi evang\u00e9liumunk \u00e1ltal, hogy \u00edgy r\u00e9szes\u00fcljetek a mi Urunk J\u00e9zus Krisztus dics\u0151s\u00e9g\u00e9ben.&#8221; (2Thesszalonika 2,13-14)<\/p>\n\n\n\n<p>Csod\u00e1latos a mi Megv\u00e1lt\u00f3nk az \u00dar J\u00e9zus Krisztus, \u00e9s p\u00e1ratlan az \u0150 gazdags\u00e1ga!<\/p>\n\n\n\n<p>Az \u00dar J\u00e9zus nev\u00e9re, h\u00edr\u00e9re mindig megdobbant az emberek sz\u00edve, mert l\u00e1tni, hallani akart\u00e1k \u0150t!<\/p>\n\n\n\n<p>T\u00f6megek \u00f6z\u00f6nl\u00f6ttek hozz\u00e1 mindenfel\u0151l.<\/p>\n\n\n\n<p>J\u00f6ttek az emberek minden gondjukkal, bajukkal.<\/p>\n\n\n\n<p>K\u00e9ts\u00e9gbeesett any\u00e1k hozt\u00e1k gyermekeiket!<\/p>\n\n\n\n<p>Betegek hozt\u00e1k sebeiket!<\/p>\n\n\n\n<p>Gy\u00e1szol\u00f3k hozt\u00e1k f\u00e1jdalmukat, k\u00f6nnyeiket.<\/p>\n\n\n\n<p>A LEGJOBB HELYRE HOZT\u00c1K!<\/p>\n\n\n\n<p>Az \u00dar J\u00e9zus mellett, k\u00f6zel\u00e9ben: valami megmagyar\u00e1zhatatlan nyugalom t\u00f6lt\u00f6tte el sz\u00edv\u00fcket.<\/p>\n\n\n\n<p>Olyankor elcsitult a zaj,<\/p>\n\n\n\n<p>felfriss\u00fclt a sz\u00edv,<\/p>\n\n\n\n<p>kisimultak a r\u00e1ncok,<\/p>\n\n\n\n<p>\u00e9s a gondfellegek elt\u0171ntek.<\/p>\n\n\n\n<p>Az \u00dar J\u00e9zus mellett, rendk\u00edv\u00fcli m\u00f3don \u00e9lt\u00e9k \u00e1t Isten dics\u0151s\u00e9ges jelenl\u00e9t\u00e9t.<\/p>\n\n\n\n<p>Kimondhatatlan biztons\u00e1gban \u00e9rezt\u00e9k magukat.<\/p>\n\n\n\n<p>Megnyugodtak, szinte magukr\u00f3l is megfeledkeztek.<\/p>\n\n\n\n<p>\u00c9hezt\u00e9k, szomjazt\u00e1k, szinte itt\u00e1k szavait, az IGAZS\u00c1GNAK BESZ\u00c9D\u00c9T.<\/p>\n\n\n\n<p>Az \u00dar J\u00e9zus szavai \u00fagy hatottak, hogy nem maradhatott semleges egyetlen ember sem!<\/p>\n\n\n\n<p>Szel\u00edd szavai csontokat t\u00f6rtek, sz\u00edvig, lelk\u00fck m\u00e9ly\u00e9ig hatoltak.<\/p>\n\n\n\n<p>Mert hatalommal sz\u00f3lt \u00e9s szav\u00e1nak ereje volt,<\/p>\n\n\n\n<p>mivel az \u0150 besz\u00e9de L\u00c9LEK \u00c9S \u00c9LET, \u00c9S \u00d6R\u00d6K! (J\u00e1nos 6,63)<\/p>\n\n\n\n<p>Teremt\u0151, szav\u00e1val lecsendes\u00edtette a tengert, \u00e9s lecsendes\u00edtette a haragosokat,<\/p>\n\n\n\n<p>\u00e9s az \u00f6lni k\u00e9sz\u00fcl\u0151 \u00edr\u00e1stud\u00f3kat, farizeusokat.<\/p>\n\n\n\n<p>Szavai leleplezt\u00e9k a k\u00e9pmutat\u00f3kat, \u00e9s eln\u00e9m\u00edtott\u00e1k az acsarkod\u00f3kat, a v\u00e1daskod\u00f3kat.<\/p>\n\n\n\n<p>Ugyanakkor megsimogatt\u00e1k a megt\u00e9r\u0151 b\u0171n\u00f6s\u00f6ket, a megvetetteket,<\/p>\n\n\n\n<p>az \u00e1rv\u00e1kat, a szeg\u00e9nyeket, az elesetteket.<\/p>\n\n\n\n<p>Az \u00dar J\u00e9zus Krisztus messi\u00e1si jelei, csod\u00e1i fel\u00fclm\u00faltak minden k\u00e9pzeletet, mindenkit \u00e1mulatba \u00e9s csod\u00e1lkoz\u00e1sba ejtettek. \u201eMert minden \u0150\u00e1ltala lett, \u00e9s n\u00e1la n\u00e9lk\u00fcl semmi sem lett, ami l\u00e9trej\u00f6tt.&#8221; (J\u00e1nos 1,3)<\/p>\n\n\n\n<p>K\u00e1n\u00e1ban, els\u0151 messi\u00e1si jelk\u00e9nt teremt\u0151 hatalm\u00e1val \u00e1ldotta meg \u00e9s teremtette borr\u00e1 a vizet.<\/p>\n\n\n\n<p>Teremt\u0151 hatalm\u00e1val vette k\u00e9zbe az \u00f6t kenyeret, \u00e9s a k\u00e9t halat \u00e9s t\u00e1pl\u00e1lt vele ezreket.(Ma is milli\u00f3kat!)<\/p>\n\n\n\n<p>Teremt\u0151 hatalm\u00e1val dorg\u00e1lta meg a tengert, a szeleket \u00e9s lett nagy csendess\u00e9g.<\/p>\n\n\n\n<p>\u00c9s tan\u00edtv\u00e1nyai megseg\u00edt\u00e9s\u00e9re, az \u0150 sz\u00e1m\u00e1ra a tenger sem jelentett akad\u00e1lyt!<\/p>\n\n\n\n<p>Jelei, csod\u00e1i, megdics\u0151\u00fcl\u00e9se t\u00e9rdre \u00e9s im\u00e1datra k\u00e9nyszer\u00edtett\u00e9k a jelenl\u00e9v\u0151ket. (\u00c9s minket is mai tan\u00edtv\u00e1nyait!)<\/p>\n\n\n\n<p>Az \u00dar J\u00e9zus tettei, gy\u00f3gy\u00edt\u00e1sai mindig az ir\u00e1ntunk val\u00f3 k\u00f6ny\u00f6r\u00fcletb\u0151l, sz\u00e1nakoz\u00e1sb\u00f3l, egy\u00fctt\u00e9rz\u00e9sb\u0151l eredtek.<\/p>\n\n\n\n<p>Szeret\u0151, irgalmas sz\u00edv\u00e9b\u0151l fakad\u00f3 gy\u00f3gy\u00edt\u00e1sai nyom\u00e1n a gy\u00f3gyultak ujjongva dics\u00e9rt\u00e9k Istent.<\/p>\n\n\n\n<p>Mert \u0150\u00e1ltala a megsz\u00e1llottak megszabadultak,<\/p>\n\n\n\n<p>a vakok l\u00e1ttak, a b\u00e9n\u00e1k j\u00e1rtak, a s\u00fcketek hallottak,<\/p>\n\n\n\n<p>a lepr\u00e1sok tisztultak \u00e9s halottak t\u00e1madtak fel.<\/p>\n\n\n\n<p>Mi is csak az \u0150 sebei \u00e1r\u00e1n gy\u00f3gyulhattunk meg! (1P\u00e9ter 2,24)<\/p>\n\n\n\n<p><\/p>\n\n\n\n<p class=\"has-text-align-center\">***<\/p>\n\n\n\n<p>\u201eMert egy az Isten, egy a k\u00f6zbenj\u00e1r\u00f3 is Isten \u00e9s emberek k\u00f6z\u00f6tt, az ember Krisztus J\u00e9zus.&#8221; (1Tim\u00f3theus 2,5)<\/p>\n\n\n\n<p class=\"has-text-align-center\"><strong><em>&#8220;K\u00e1rnak \u00edt\u00e9lek mindent az \u00e9n Uram a J\u00e9zus Krisztus<\/em><\/strong> <strong><em>ismeret\u00e9nek gazdags\u00e1ga miatt!&#8221;<\/em><\/strong>   Filippi 3,8<\/p>\n\n\n\n<p><br>A k\u00f6vetkez\u0151, igen tartalmas reform\u00e1tori jelmondatot felt\u00e9tlen\u00fcl ismernie kell minden kereszty\u00e9nnek!&nbsp;&nbsp;&#8220;SOLUS CHRISTUS&#8221; vagyis az egyed\u00fcl Krisztus a k\u00f6zbenj\u00e1r\u00f3 Isten \u00e9s ember k\u00f6z\u00f6tt \u00e9s senki m\u00e1s!<\/p>\n\n\n\n<p>Csak \u0150 \u00e1ltal nyerhet\u00fcnk \u00fcdv\u00f6ss\u00e9get.<br><br>Arra a k\u00e9rd\u00e9sre, hogy mit jelent sz\u00e1momra J\u00e9zus Krisztus, mindig mindenkinek vil\u00e1gos,\u00e9s egy\u00e9rtelm\u0171 v\u00e1laszt kell tudnia adni. Erre a tan\u00fas\u00e1gt\u00e9telre csakis a Szentl\u00e9lek k\u00e9sz\u00edthet fel minden hitvall\u00f3 kereszty\u00e9nt!<\/p>\n\n\n\n<p><br>Boldog aki meggy\u0151z\u0151d\u00e9sb\u0151l \u00edgy tud v\u00e1laszolni:<br>\u0150 sz\u00e1momra a legfontosabb! Hogy mi\u00e9rt?<br>Mert \u0150 az \u00e9letem Ura, meghat\u00e1roz\u00f3ja, ir\u00e1ny\u00edt\u00f3ja, vagyis MINDENEM.<br>Ahogy P\u00e1l apostol is fogalmaz, sz\u00e1m\u00e1ra J\u00e9zus az egyetlen nyeres\u00e9g, mert n\u00e9lk\u00fcle minden vesztes\u00e9g volt az \u00e9let\u00e9ben, amelyeket k\u00e1rnak \u00e9s szem\u00e9tnek \u00edt\u00e9l J\u00e9zus\u00e9rt!<br><br>Az ember ma is mindent elk\u00f6vet, hogy Isten Fi\u00e1t helyettes\u00edtse, p\u00f3tolja valamivel, vagy valakivel, de nem lehet.<\/p>\n\n\n\n<p>A vil\u00e1gvall\u00e1sok mind pr\u00f3b\u00e1lj\u00e1k elhitetni, hogy Krisztuson k\u00edv\u00fcl is lehet \u00fcdv\u00f6ss\u00e9g!<\/p>\n\n\n\n<p>Im\u00e1dj\u00e1k: Buddh\u00e1t, Krishn\u00e1t, vagy \u00f6nmagukat, vagy \u00e9ppen a term\u00e9szetet. Egyesek Mohamed tan\u00edt\u00e1s\u00e1t tartj\u00e1k egyed\u00fcli \u00fcdv\u00f6z\u00edt\u0151 \u00fatnak, m\u00e1sok a &#8220;modern isten- az evol\u00faci\u00f3 mindenhat\u00f3s\u00e1g\u00e1ra esk\u00fcsznek, megint m\u00e1sok UF\u00d3 h\u00edv\u0151kk\u00e9 lettek. Egyes vall\u00e1sok a j\u00f3g\u00e1t, k\u00fcl\u00f6nf\u00e9le medit\u00e1ci\u00f3kat aj\u00e1nlanak, aszketikus \u00e9letm\u00f3dokat, k\u00fcl\u00f6nb\u00f6z\u0151 kontrollokat hirdetnek, vagy sarlat\u00e1n term\u00e9szetgy\u00f3gy\u00e1szok esk\u00fcsznek az \u00e1ltaluk aj\u00e1nlott garant\u00e1lt receptekre!<\/p>\n\n\n\n<p>Mindegy, hogy mivel pr\u00f3b\u00e1lkoznak az emberek, de Krisztuson k\u00edv\u00fcl igazi utat a mennybe senki sem tud mutatni, de val\u00f3di \u00f6r\u00f6m\u00f6t \u00e9s boldogs\u00e1got sem, ugyanis csak szem\u00e9lyesen az \u00dar J\u00e9zus Krisztus tudja mindezt megadni!<br>Az \u00dar J\u00e9zus err\u0151l egy\u00e9rtelm\u0171en nyilatkozik:<br><strong><em>&#8221; &#8230;.senki sem mehet az Aty\u00e1hoz, csakis \u00e9n\u00e1ltalam.&#8221;<\/em><\/strong>&nbsp;J\u00e1nos evang\u00e9liuma 14,6<br><br>Ahol az \u00dar J\u00e9zus nincs jelen, ott az \u00e9let&nbsp; sincs jelen, mivel az \u00dar J\u00c9ZUS P\u00d3TOLHATATLAN &#8211; hiszen \u0150 az \u00c9LET!<\/p>\n\n\n\n<p>Aki az \u00dar J\u00e9zus megismerte \u00e9s k\u00f6veti az megtal\u00e1lta \u00e9lete \u00e9rtelm\u00e9t \u00e9s c\u00e9lj\u00e1t, az \u00f6r\u00f6mmel hirdeti az emberek k\u00f6z\u00f6tt, hogy nincs \u00fcdv\u00f6ss\u00e9g senki m\u00e1sban, csak EGYED\u00dcL J\u00c9ZUS KRISZTUSBAN!<\/p>\n\n\n\n<p><strong><em>&#8221; Mert nem is adatott&#8230; m\u00e1s n\u00e9v, amely \u00e1ltal \u00fcdv\u00f6z\u00fclhetn\u00e9nk!&#8221;<\/em><\/strong>&nbsp;Apostolok Cselelekedetei 4,12<\/p>\n\n\n\n<p>Ny\u00edregyh\u00e1za, 1996<br>Trencs\u00e9nyi L\u00e1szl\u00f3<br>reform\u00e1tus lelkip\u00e1sztor<\/p>\n\n\n\n<figure class=\"wp-block-image\"><img decoding=\"async\" src=\"https:\/\/honlap.parokia.hu\/data\/gallery\/2634\/thumb_t-l.jpg\" alt=\"\"\/><\/figure>\n","protected":false},"excerpt":{"rendered":"<p>&#8230; AZ \u00daR J\u00c9ZUS KRISZTUS P\u00c1RATLAN SZEM\u00c9LY\u00c9R\u0150L \u201eKrisztus, Aki mindenek felett \u00f6r\u00f6kk\u00e9 \u00e1ldand\u00f3 Isten. \u00c1men.&#8221; (R\u00f3ma 9, 5) &#8220;Az Ige volt az igazi vil\u00e1goss\u00e1g, amely megvil\u00e1gos\u00edt minden embert: \u0150 j\u00f6tt el a vil\u00e1gba.&#8221; (J\u00e1nos 1,9) Az \u00dar J\u00e9zus Krisztus csod\u00e1latos szem\u00e9lye az eg\u00e9sz Szent\u00edr\u00e1s k\u00f6z\u00e9ppontj\u00e1ban van. A Szent Biblia vil\u00e1gosan \u00e9s egy\u00e9rtelm\u0171en tan\u00edtja azt a [&hellip;]<\/p>\n","protected":false},"author":1,"featured_media":0,"parent":0,"menu_order":0,"comment_status":"closed","ping_status":"closed","template":"","meta":{"footnotes":""},"class_list":["post-98","page","type-page","status-publish","hentry"],"_links":{"self":[{"href":"https:\/\/www.pestujhely.reformatus.hu\/index.php?rest_route=\/wp\/v2\/pages\/98","targetHints":{"allow":["GET"]}}],"collection":[{"href":"https:\/\/www.pestujhely.reformatus.hu\/index.php?rest_route=\/wp\/v2\/pages"}],"about":[{"href":"https:\/\/www.pestujhely.reformatus.hu\/index.php?rest_route=\/wp\/v2\/types\/page"}],"author":[{"embeddable":true,"href":"https:\/\/www.pestujhely.reformatus.hu\/index.php?rest_route=\/wp\/v2\/users\/1"}],"replies":[{"embeddable":true,"href":"https:\/\/www.pestujhely.reformatus.hu\/index.php?rest_route=%2Fwp%2Fv2%2Fcomments&post=98"}],"version-history":[{"count":8,"href":"https:\/\/www.pestujhely.reformatus.hu\/index.php?rest_route=\/wp\/v2\/pages\/98\/revisions"}],"predecessor-version":[{"id":268,"href":"https:\/\/www.pestujhely.reformatus.hu\/index.php?rest_route=\/wp\/v2\/pages\/98\/revisions\/268"}],"wp:attachment":[{"href":"https:\/\/www.pestujhely.reformatus.hu\/index.php?rest_route=%2Fwp%2Fv2%2Fmedia&parent=98"}],"curies":[{"name":"wp","href":"https:\/\/api.w.org\/{rel}","templated":true}]}}