{"id":91,"date":"2025-09-27T17:58:31","date_gmt":"2025-09-27T17:58:31","guid":{"rendered":"https:\/\/www.pestujhely.reformatus.hu\/?page_id=91"},"modified":"2025-10-05T19:20:37","modified_gmt":"2025-10-05T19:20:37","slug":"01-2","status":"publish","type":"page","link":"https:\/\/www.pestujhely.reformatus.hu\/?page_id=91","title":{"rendered":"Sola Gratia"},"content":{"rendered":"\n<p class=\"has-text-align-center has-heading-font-family has-large-font-size\">SOLA GRATIA = EGYED\u00dcL KEGYELEMB\u0150L!<\/p>\n\n\n\n<figure class=\"wp-block-image size-full\"><img loading=\"lazy\" decoding=\"async\" width=\"720\" height=\"960\" src=\"https:\/\/www.pestujhely.reformatus.hu\/wp-content\/uploads\/2025\/10\/VDM-Omnis-gratias.jpg\" alt=\"\" class=\"wp-image-237\" srcset=\"https:\/\/www.pestujhely.reformatus.hu\/wp-content\/uploads\/2025\/10\/VDM-Omnis-gratias.jpg 720w, https:\/\/www.pestujhely.reformatus.hu\/wp-content\/uploads\/2025\/10\/VDM-Omnis-gratias-225x300.jpg 225w\" sizes=\"auto, (max-width: 720px) 100vw, 720px\" \/><\/figure>\n\n\n\n<p class=\"has-text-align-center has-medium-font-size\">AZ \u00daR J\u00c9ZUS KRISZTUS HATALMA<\/p>\n\n\n\n<p class=\"has-small-font-size\">Amikor az \u00dar J\u00e9zus Krisztus itt \u00e9lt k\u00f6z\u00f6tt\u00fcnk testben, mindig nagy t\u00f6meg vette \u0150t k\u00f6r\u00fcl.<\/p>\n\n\n\n<p class=\"has-small-font-size\">Mell\u00e9 \u00fcltek az emberek, \u00e9s szinte itt\u00e1k szavait.<\/p>\n\n\n\n<p class=\"has-small-font-size\">Olyankor elcsitult a zaj, lecsendes\u00fclt az indulat, kisimultak a r\u00e1ncok, kiengedtek az \u00f6k\u00f6lbe szor\u00edtott kezek, \u00e9s felfriss\u00fclt a sz\u00edv.<\/p>\n\n\n\n<p class=\"has-small-font-size\">Hatalma szav\u00e1ra a hi\u00fa mag\u00e1ba sz\u00e1llt, a haragos kib\u00e9k\u00fclt, a s\u00e9rtett megbocs\u00e1tott, a j\u00e9gsz\u00edvek felengedtek, a s\u00f6t\u00e9t gondfellegek elt\u0171ntek, \u00e9s a vihar el\u00e1llt, mert ahol \u0150t hittel befogadt\u00e1k, ott mindig b\u00e9kess\u00e9get adott.<\/p>\n\n\n\n<p class=\"has-small-font-size\">Az Ige b\u00e9kess\u00e9get ad\u00f3 hatalma, \u00e9letform\u00e1l\u00f3 ereje, \u00e9letment\u0151 szerepe soha semmi m\u00e1ssal nem p\u00f3tolhat\u00f3. Az evang\u00e9lium minden korban friss \u00e9s \u00faj marad. Ma is dacol id\u0151vel, ideol\u00f3gi\u00e1kkal, mert az \u00dar J\u00e9zus Krisztus keresztje kit\u00f6r\u00f6lhetetlen\u00fcl ott \u00e1ll az emberis\u00e9g sors\u00e1nak centrum\u00e1ban.<\/p>\n\n\n\n<p class=\"has-small-font-size\">Rend\u00fcletlen\u00fcl k\u00edn\u00e1lja a kegyelmet, \u00e9s hirdeti az egyetlen es\u00e9lyt, a helyes utat, az egyed\u00fcli megold\u00e1st, amit Isten k\u00e9sz\u00edtett az ember sz\u00e1m\u00e1ra.<\/p>\n\n\n\n<p class=\"has-small-font-size\">Aki ma b\u0171nbocs\u00e1natra, \u00e1ld\u00e1sra, b\u00e9kess\u00e9gre, nyugalomra, biztons\u00e1gra \u00e9s \u00fcdv\u00f6ss\u00e9gre v\u00e1gyik, az egyszer\u0171en nem \u00e9lhet az \u00dar J\u00e9zus Krisztus n\u00e9lk\u00fcl, mert ezeket csak \u0150 adhatja meg!<\/p>\n\n\n\n<p class=\"has-small-font-size\">Aki ma veszi a b\u00e1tors\u00e1got \u00e9s v\u00e1llalja, hogy az \u00dar J\u00e9zust igaz\u00e1n megismeri \u00e9s sz\u00edvb\u0151l befogadja, akkor ott a Szentl\u00e9lek hatalma \u00e1ltal \u00faj \u00e9let fakad, minden \u00fajj\u00e1 lesz, \u00e9s mennyei b\u00e9kess\u00e9g \u00e1rad az \u00e9let\u00e9be.<\/p>\n\n\n\n<p class=\"has-small-font-size\">Az \u00dar J\u00e9zus Krisztus mondja: \u201eAki velem nem gy\u0171jt, az t\u00e9kozol.&#8221; (M\u00e1t\u00e9 12,30<\/p>\n\n\n\n<p class=\"has-small-font-size\">J\u00c9ZUS KRISZTUS CSOD\u00c1LATOS \u00daR MINDENEK FELETT!<\/p>\n\n\n\n<p class=\"has-small-font-size\">Nincs fontosabb a f\u00f6ldi \u00e9letben, mint megismerni \u00e9s k\u00f6vetni a mi \u00c1ldott Megv\u00e1lt\u00f3nkat az \u00dar J\u00e9zus Krisztus! \u0150 a dics\u0151s\u00e9ges Szenth\u00e1roms\u00e1g egy \u00f6r\u00f6k Isten m\u00e1sodik szem\u00e9lye, Aki egyenl\u0151 az Aty\u00e1val \u00e9s a Szentl\u00e9lekkel.<\/p>\n\n\n\n<p class=\"has-small-font-size\">Mekkora KINCSNEK lehet\u00fcnk birtokosai, ha az \u00e1ldott Ig\u00e9b\u0151l az \u0150 szem\u00e9ly\u00e9t megismerhetj\u00fck, hatalm\u00e1ra gyermeki hittel r\u00e1csod\u00e1lkozhatunk, szent Ig\u00e9j\u00e9t, tan\u00edt\u00e1s\u00e1t meg\u00e9rthetj\u00fck, befogadhatjuk, sz\u00edv\u00fcnkbe z\u00e1rhatjuk!<\/p>\n\n\n\n<p class=\"has-small-font-size\">Isten gyermekek\u00e9nt \u00f6rvendezhet\u00fcnk a mi \u00e1ldott Isten\u00fcnknek, aki annyira szeret, hogy egysz\u00fcl\u00f6tt Fi\u00e1ban, az \u00dar J\u00e9zus Krisztusban kiv\u00e1lasztott \u00e9s megv\u00e1ltott minket b\u0171neinkb\u0151l, akinek dics\u0151s\u00e9g\u00e9ben r\u00e9szes\u00fclhet\u00fcnk!<\/p>\n\n\n\n<p class=\"has-small-font-size\">\u201eMi pedig h\u00e1l\u00e1val tartozunk az Istennek mindenkor \u00e9rtetek, testv\u00e9reim, akiket szeret az \u00dar, mert KIV\u00c1LASZTOTT TITEKET az Isten kezdett\u0151l fogva az \u00fcdv\u00f6ss\u00e9gre, a L\u00e9lek megszentel\u0151 munk\u00e1ja \u00e9s az igazs\u00e1gba vetett hit \u00e1ltal kezdett\u0151l fogva: Erre h\u00edvott el titeket a mi evang\u00e9liumunk \u00e1ltal, hogy \u00edgy r\u00e9szes\u00fcljetek a mi Urunk J\u00e9zus Krisztus dics\u0151s\u00e9g\u00e9ben.&#8221; (2Thesszalonika 2,13-14)<\/p>\n\n\n\n<p class=\"has-small-font-size\">Csod\u00e1latos a mi Megv\u00e1lt\u00f3nk az \u00dar J\u00e9zus Krisztus, \u00e9s p\u00e1ratlan az \u0150 gazdags\u00e1ga!<\/p>\n\n\n\n<p class=\"has-small-font-size\">Az \u00dar J\u00e9zus nev\u00e9re, h\u00edr\u00e9re mindig megdobbant az emberek sz\u00edve, mert l\u00e1tni, hallani akart\u00e1k \u0150t!<\/p>\n\n\n\n<p class=\"has-small-font-size\">T\u00f6megek \u00f6z\u00f6nl\u00f6ttek hozz\u00e1 mindenfel\u0151l.<\/p>\n\n\n\n<p class=\"has-small-font-size\">J\u00f6ttek az emberek minden gondjukkal, bajukkal.<\/p>\n\n\n\n<p class=\"has-small-font-size\">K\u00e9ts\u00e9gbeesett any\u00e1k hozt\u00e1k gyermekeiket!<\/p>\n\n\n\n<p class=\"has-small-font-size\">Betegek hozt\u00e1k sebeiket!<\/p>\n\n\n\n<p class=\"has-small-font-size\">Gy\u00e1szol\u00f3k hozt\u00e1k f\u00e1jdalmukat, k\u00f6nnyeiket.<\/p>\n\n\n\n<p class=\"has-small-font-size\">A LEGJOBB HELYRE HOZT\u00c1K!<\/p>\n\n\n\n<p class=\"has-small-font-size\">Az \u00dar J\u00e9zus mellett, k\u00f6zel\u00e9ben: valami megmagyar\u00e1zhatatlan nyugalom t\u00f6lt\u00f6tte el sz\u00edv\u00fcket.<\/p>\n\n\n\n<p class=\"has-small-font-size\">Olyankor elcsitult a zaj,<\/p>\n\n\n\n<p class=\"has-small-font-size\">felfriss\u00fclt a sz\u00edv,<\/p>\n\n\n\n<p class=\"has-small-font-size\">kisimultak a r\u00e1ncok,<\/p>\n\n\n\n<p class=\"has-small-font-size\">\u00e9s a gondfellegek elt\u0171ntek.<\/p>\n\n\n\n<p class=\"has-small-font-size\">Az \u00dar J\u00e9zus mellett, rendk\u00edv\u00fcli m\u00f3don \u00e9lt\u00e9k \u00e1t Isten dics\u0151s\u00e9ges jelenl\u00e9t\u00e9t.<\/p>\n\n\n\n<p class=\"has-small-font-size\">Kimondhatatlan biztons\u00e1gban \u00e9rezt\u00e9k magukat.<\/p>\n\n\n\n<p class=\"has-small-font-size\">Megnyugodtak, szinte magukr\u00f3l is megfeledkeztek.<\/p>\n\n\n\n<p class=\"has-small-font-size\">\u00c9hezt\u00e9k, szomjazt\u00e1k, szinte itt\u00e1k szavait, az IGAZS\u00c1GNAK BESZ\u00c9D\u00c9T.<\/p>\n\n\n\n<p class=\"has-small-font-size\">Az \u00dar J\u00e9zus szavai \u00fagy hatottak, hogy nem maradhatott semleges egyetlen ember sem!<\/p>\n\n\n\n<p class=\"has-small-font-size\">Szel\u00edd szavai csontokat t\u00f6rtek, sz\u00edvig, lelk\u00fck m\u00e9ly\u00e9ig hatoltak.<\/p>\n\n\n\n<p class=\"has-small-font-size\">Mert hatalommal sz\u00f3lt \u00e9s szav\u00e1nak ereje volt,<\/p>\n\n\n\n<p class=\"has-small-font-size\">mivel az \u0150 besz\u00e9de L\u00c9LEK \u00c9S \u00c9LET, \u00c9S \u00d6R\u00d6K! (J\u00e1nos 6,63)<\/p>\n\n\n\n<p class=\"has-small-font-size\">Teremt\u0151, szav\u00e1val lecsendes\u00edtette a tengert, \u00e9s lecsendes\u00edtette a haragosokat,<\/p>\n\n\n\n<p class=\"has-small-font-size\">\u00e9s az \u00f6lni k\u00e9sz\u00fcl\u0151 \u00edr\u00e1stud\u00f3kat, farizeusokat.<\/p>\n\n\n\n<p class=\"has-small-font-size\">Szavai leleplezt\u00e9k a k\u00e9pmutat\u00f3kat, \u00e9s eln\u00e9m\u00edtott\u00e1k az acsarkod\u00f3kat, a v\u00e1daskod\u00f3kat.<\/p>\n\n\n\n<p class=\"has-small-font-size\">Ugyanakkor megsimogatt\u00e1k a megt\u00e9r\u0151 b\u0171n\u00f6s\u00f6ket, a megvetetteket,<\/p>\n\n\n\n<p class=\"has-small-font-size\">az \u00e1rv\u00e1kat, a szeg\u00e9nyeket, az elesetteket.<\/p>\n\n\n\n<p class=\"has-small-font-size\">Az \u00dar J\u00e9zus Krisztus messi\u00e1si jelei, csod\u00e1i fel\u00fclm\u00faltak minden k\u00e9pzeletet, mindenkit \u00e1mulatba \u00e9s csod\u00e1lkoz\u00e1sba ejtettek. \u201eMert minden \u0150\u00e1ltala lett, \u00e9s n\u00e1la n\u00e9lk\u00fcl semmi sem lett, ami l\u00e9trej\u00f6tt.&#8221; (J\u00e1nos 1,3)<\/p>\n\n\n\n<p class=\"has-small-font-size\">K\u00e1n\u00e1ban, els\u0151 messi\u00e1si jelk\u00e9nt teremt\u0151 hatalm\u00e1val \u00e1ldotta meg \u00e9s teremtette borr\u00e1 a vizet.<\/p>\n\n\n\n<p class=\"has-small-font-size\">Teremt\u0151 hatalm\u00e1val vette k\u00e9zbe az \u00f6t kenyeret, \u00e9s a k\u00e9t halat \u00e9s t\u00e1pl\u00e1lt vele ezreket.(Ma is milli\u00f3kat!)<\/p>\n\n\n\n<p class=\"has-small-font-size\">Teremt\u0151 hatalm\u00e1val dorg\u00e1lta meg a tengert, a szeleket \u00e9s lett nagy csendess\u00e9g.<\/p>\n\n\n\n<p class=\"has-small-font-size\">\u00c9s tan\u00edtv\u00e1nyai megseg\u00edt\u00e9s\u00e9re, az \u0150 sz\u00e1m\u00e1ra a tenger sem jelentett akad\u00e1lyt!<\/p>\n\n\n\n<p class=\"has-small-font-size\">Jelei, csod\u00e1i, megdics\u0151\u00fcl\u00e9se t\u00e9rdre \u00e9s im\u00e1datra k\u00e9nyszer\u00edtett\u00e9k a jelenl\u00e9v\u0151ket. (\u00c9s minket is mai tan\u00edtv\u00e1nyait!)<\/p>\n\n\n\n<p class=\"has-small-font-size\">Az \u00dar J\u00e9zus tettei, gy\u00f3gy\u00edt\u00e1sai mindig az ir\u00e1ntunk val\u00f3 k\u00f6ny\u00f6r\u00fcletb\u0151l, sz\u00e1nakoz\u00e1sb\u00f3l, egy\u00fctt\u00e9rz\u00e9sb\u0151l eredtek.<\/p>\n\n\n\n<p class=\"has-small-font-size\">Szeret\u0151, irgalmas sz\u00edv\u00e9b\u0151l fakad\u00f3 gy\u00f3gy\u00edt\u00e1sai nyom\u00e1n a gy\u00f3gyultak ujjongva dics\u00e9rt\u00e9k Istent.<\/p>\n\n\n\n<p class=\"has-small-font-size\">Mert \u0150\u00e1ltala a megsz\u00e1llottak megszabadultak,<\/p>\n\n\n\n<p class=\"has-small-font-size\">a vakok l\u00e1ttak, a b\u00e9n\u00e1k j\u00e1rtak, a s\u00fcketek hallottak,<\/p>\n\n\n\n<p class=\"has-small-font-size\">a lepr\u00e1sok tisztultak \u00e9s halottak t\u00e1madtak fel.<\/p>\n\n\n\n<p class=\"has-small-font-size\">Mi is csak az \u0150 sebei \u00e1r\u00e1n gy\u00f3gyulhattunk meg! (1P\u00e9ter 2,24)<\/p>\n\n\n\n<p class=\"has-text-align-center\">***<\/p>\n\n\n\n<p><\/p>\n\n\n\n<figure class=\"wp-block-image size-full\"><img loading=\"lazy\" decoding=\"async\" width=\"720\" height=\"960\" src=\"https:\/\/www.pestujhely.reformatus.hu\/wp-content\/uploads\/2025\/10\/vdm-Sola-Gratia.jpg\" alt=\"\" class=\"wp-image-176\" srcset=\"https:\/\/www.pestujhely.reformatus.hu\/wp-content\/uploads\/2025\/10\/vdm-Sola-Gratia.jpg 720w, https:\/\/www.pestujhely.reformatus.hu\/wp-content\/uploads\/2025\/10\/vdm-Sola-Gratia-225x300.jpg 225w\" sizes=\"auto, (max-width: 720px) 100vw, 720px\" \/><\/figure>\n\n\n\n<p><\/p>\n\n\n\n<p class=\"has-text-align-center has-large-font-size\"><strong>PROMPTE ET SINCERE IN OPERE DOMINI<\/strong><\/p>\n\n\n\n<p class=\"has-text-align-center has-medium-font-size\"><em>(Hat\u00e1rozottan \u00e9s becs\u00fcletesen, az \u00dar munk\u00e1j\u00e1ban)<\/em><br>K\u00e1lvin J\u00e1nos \u00e9let\u00e9nek mott\u00f3ja.<\/p>\n\n\n\n<figure class=\"wp-block-image size-full\"><img loading=\"lazy\" decoding=\"async\" width=\"960\" height=\"720\" src=\"https:\/\/www.pestujhely.reformatus.hu\/wp-content\/uploads\/2025\/09\/Filippi-2-15-1.jpg\" alt=\"\" class=\"wp-image-120\" srcset=\"https:\/\/www.pestujhely.reformatus.hu\/wp-content\/uploads\/2025\/09\/Filippi-2-15-1.jpg 960w, https:\/\/www.pestujhely.reformatus.hu\/wp-content\/uploads\/2025\/09\/Filippi-2-15-1-300x225.jpg 300w, https:\/\/www.pestujhely.reformatus.hu\/wp-content\/uploads\/2025\/09\/Filippi-2-15-1-768x576.jpg 768w\" sizes=\"auto, (max-width: 960px) 100vw, 960px\" \/><\/figure>\n\n\n\n<p class=\"has-text-align-center\" style=\"font-size:clamp(1.092rem, 1.092rem + ((1vw - 0.2rem) * 1.013), 1.7rem);\"><strong><em>\u201eTartsuk meg a rem\u00e9nys\u00e9g vall\u00e1s\u00e1t t\u00e1ntor\u00edthatatlanul, mert h\u0171 az, aki \u00edg\u00e9retet tett.<\/em><\/strong>&#8221; Zsid\u00f3k 10,23<\/p>\n\n\n\n<p class=\"has-text-align-center\" style=\"font-size:clamp(1.092rem, 1.092rem + ((1vw - 0.2rem) * 1.013), 1.7rem);\"><\/p>\n","protected":false},"excerpt":{"rendered":"<p>SOLA GRATIA = EGYED\u00dcL KEGYELEMB\u0150L! AZ \u00daR J\u00c9ZUS KRISZTUS HATALMA Amikor az \u00dar J\u00e9zus Krisztus itt \u00e9lt k\u00f6z\u00f6tt\u00fcnk testben, mindig nagy t\u00f6meg vette \u0150t k\u00f6r\u00fcl. Mell\u00e9 \u00fcltek az emberek, \u00e9s szinte itt\u00e1k szavait. Olyankor elcsitult a zaj, lecsendes\u00fclt az indulat, kisimultak a r\u00e1ncok, kiengedtek az \u00f6k\u00f6lbe szor\u00edtott kezek, \u00e9s felfriss\u00fclt a sz\u00edv. Hatalma szav\u00e1ra a [&hellip;]<\/p>\n","protected":false},"author":1,"featured_media":0,"parent":0,"menu_order":0,"comment_status":"closed","ping_status":"closed","template":"","meta":{"footnotes":""},"class_list":["post-91","page","type-page","status-publish","hentry"],"_links":{"self":[{"href":"https:\/\/www.pestujhely.reformatus.hu\/index.php?rest_route=\/wp\/v2\/pages\/91","targetHints":{"allow":["GET"]}}],"collection":[{"href":"https:\/\/www.pestujhely.reformatus.hu\/index.php?rest_route=\/wp\/v2\/pages"}],"about":[{"href":"https:\/\/www.pestujhely.reformatus.hu\/index.php?rest_route=\/wp\/v2\/types\/page"}],"author":[{"embeddable":true,"href":"https:\/\/www.pestujhely.reformatus.hu\/index.php?rest_route=\/wp\/v2\/users\/1"}],"replies":[{"embeddable":true,"href":"https:\/\/www.pestujhely.reformatus.hu\/index.php?rest_route=%2Fwp%2Fv2%2Fcomments&post=91"}],"version-history":[{"count":11,"href":"https:\/\/www.pestujhely.reformatus.hu\/index.php?rest_route=\/wp\/v2\/pages\/91\/revisions"}],"predecessor-version":[{"id":303,"href":"https:\/\/www.pestujhely.reformatus.hu\/index.php?rest_route=\/wp\/v2\/pages\/91\/revisions\/303"}],"wp:attachment":[{"href":"https:\/\/www.pestujhely.reformatus.hu\/index.php?rest_route=%2Fwp%2Fv2%2Fmedia&parent=91"}],"curies":[{"name":"wp","href":"https:\/\/api.w.org\/{rel}","templated":true}]}}