{"id":64,"date":"2025-09-26T20:31:36","date_gmt":"2025-09-26T20:31:36","guid":{"rendered":"https:\/\/www.pestujhely.reformatus.hu\/?page_id=64"},"modified":"2025-10-05T19:09:15","modified_gmt":"2025-10-05T19:09:15","slug":"soli-deo-gloria","status":"publish","type":"page","link":"https:\/\/www.pestujhely.reformatus.hu\/?page_id=64","title":{"rendered":""},"content":{"rendered":"\n<div class=\"wp-block-group alignfull has-global-padding is-layout-constrained wp-container-core-group-is-layout-490fa1db wp-block-group-is-layout-constrained\" style=\"padding-top:var(--wp--preset--spacing--50);padding-right:var(--wp--preset--spacing--50);padding-bottom:var(--wp--preset--spacing--50);padding-left:var(--wp--preset--spacing--50)\">\n<div class=\"wp-block-group is-nowrap is-layout-flex wp-container-core-group-is-layout-6c531013 wp-block-group-is-layout-flex\">\n<div class=\"wp-block-group has-global-padding is-layout-constrained wp-container-core-group-is-layout-650790e1 wp-block-group-is-layout-constrained\">\n<p class=\"has-text-align-center has-heading-font-family has-xx-large-font-size\">Soli Deo Gloria<\/p>\n\n\n\n<div style=\"height:1.25rem\" aria-hidden=\"true\" class=\"wp-block-spacer\"><\/div>\n\n\n\n<h1 class=\"wp-block-heading has-text-align-center has-large-font-size\"><strong><em>&#8220;Mert \u0150t\u0151le, \u0150\u00e1ltala<\/em><\/strong> <strong><em>\u00e9s \u0150re\u00e1 n\u00e9zve vannak mindenek. \u00d6v\u00e9 a dics\u0151s\u00e9g<\/em><\/strong> <strong><em>mind\u00f6r\u00f6kk\u00e9. \u00c1men.&#8221;<\/em><\/strong><\/h1>\n\n\n\n<p class=\"has-text-align-center has-contrast-color has-text-color has-link-color wp-elements-b6625d37d2733e27c186a0b75dbbf481\">  R\u00f3ma 11,36<\/p>\n<\/div>\n\n\n\n<figure class=\"wp-block-image aligncenter size-full is-resized\"><img loading=\"lazy\" decoding=\"async\" width=\"283\" height=\"150\" src=\"https:\/\/www.pestujhely.reformatus.hu\/wp-content\/uploads\/2025\/10\/Soli-Deo-Gloria-4.jpg\" alt=\"\" class=\"wp-image-158\" style=\"width:236px;height:auto\"\/><\/figure>\n<\/div>\n<\/div>\n\n\n\n<div class=\"wp-block-group alignfull has-base-2-background-color has-background has-global-padding is-content-justification-left is-layout-constrained wp-container-core-group-is-layout-598bffc8 wp-block-group-is-layout-constrained\" style=\"margin-top:0;margin-bottom:0;padding-top:var(--wp--preset--spacing--50);padding-right:var(--wp--preset--spacing--50);padding-bottom:var(--wp--preset--spacing--50);padding-left:var(--wp--preset--spacing--50)\">\n<div class=\"wp-block-group is-vertical is-content-justification-center is-layout-flex wp-container-core-group-is-layout-52b864f0 wp-block-group-is-layout-flex\">\n<figure class=\"wp-block-image size-full\"><img loading=\"lazy\" decoding=\"async\" width=\"720\" height=\"960\" src=\"https:\/\/www.pestujhely.reformatus.hu\/wp-content\/uploads\/2025\/10\/VDM-Soli-Deo-Gloria.jpg\" alt=\"\" class=\"wp-image-159\" srcset=\"https:\/\/www.pestujhely.reformatus.hu\/wp-content\/uploads\/2025\/10\/VDM-Soli-Deo-Gloria.jpg 720w, https:\/\/www.pestujhely.reformatus.hu\/wp-content\/uploads\/2025\/10\/VDM-Soli-Deo-Gloria-225x300.jpg 225w\" sizes=\"auto, (max-width: 720px) 100vw, 720px\" \/><\/figure>\n\n\n\n<p class=\"has-small-font-size\">Soli Deo Gloria = Egyed\u00fcl Isten\u00e9 a dics\u0151s\u00e9g!<\/p>\n\n\n\n<p class=\"has-small-font-size\"><em>\u201eInk\u00e1bb milli\u00f3szor vesszen el ez a vil\u00e1g, minthogy Isten dics\u0151s\u00e9ge a legcsek\u00e9lyebb m\u00f3don is csorb\u00e1t szenvedjen.&#8221; K\u00e1lvin J\u00e1nos<\/em><\/p>\n\n\n\n<p class=\"has-small-font-size\">A Soli Deo Gloria elv volt K\u00e1lvin sz\u00e1m\u00e1ra a legels\u0151 \u00e9s a legl\u00e9nyegesebb, mivel nyomat\u00e9kosan kifejezi, hogy minden dics\u0151s\u00e9g egyed\u00fcl Istennek j\u00e1r, az emberek (p\u00e1pa, szentek, M\u00e1ria stb.)&nbsp;dics\u0151\u00edt\u00e9s\u00e9nek kiz\u00e1r\u00e1s\u00e1val.<\/p>\n\n\n\n<p class=\"has-small-font-size\"><strong><em>(Mint ismeretes a katolikusok a r\u00f3mai egyh\u00e1z fej\u00e9t a p\u00e1p\u00e1t, P\u00e9ter apostol jogut\u00f3dj\u00e1nak, Krisztus f\u00f6ldi helytart\u00f3j\u00e1nak, \u00e9s csalatkozhatatlannak tartj\u00e1k \u00e9s mellesleg \u201eszentaty\u00e1nak&#8221; sz\u00f3l\u00edtj\u00e1k.)<\/em><\/strong><\/p>\n\n\n\n<p class=\"has-small-font-size\">K\u00e1lvin sz\u00e1m\u00e1ra a kiindul\u00f3 pont Isten kijelent\u00e9se,&nbsp; a Szent\u00edr\u00e1s \u00e9s a c\u00e9l Isten dics\u0151s\u00e9ge, a Soli Deo Gloria.<\/p>\n\n\n\n<p class=\"has-small-font-size\">K\u00e1lvin megt\u00e9r\u00e9s\u00e9r\u0151l \u00edgy \u00edrt: \u201eOlyan&nbsp;kem\u00e9nyen sz\u00edven \u00fct\u00f6tt a p\u00e1pas\u00e1g pog\u00e1nys\u00e1ga,&nbsp;hogy alig tudtam magamat ebb\u0151l a m\u00e9lys\u00e9gb\u0151l kir\u00e1ngatni.&nbsp; Isten m\u00e9gis a fiatals\u00e1gom ellen\u00e9re annyira megkem\u00e9nyedett sz\u00edvemet v\u00e1ratlanul megt\u00e9r\u00e9sre vonta&#8230;&nbsp;&nbsp;Az igazi kegyess\u00e9g j\u00f3 \u00edz\u00e9vel bet\u00f6ltekezve, olyan f\u00e9lt\u00e9kenys\u00e9gre gyulladtam, hogy a tanults\u00e1gban \u00e9n is tegyek el\u0151rehalad\u00e1st, hogy ez\u00e9rt marad\u00e9k \u00f3r\u00e1imat erre ford\u00edtottam.&#8221; A Soli Deo Gloria elvvel a protest\u00e1nsok vallj\u00e1k, hogy Istenen k\u00edv\u00fcl senki sem m\u00e9lt\u00f3 a dics\u0151\u00edt\u00e9sre: sem M\u00e1ria, sem a katolikus szentek \u00e9s boldogok, sem a szentek erekly\u00e9i, sem a p\u00e1p\u00e1k&nbsp;nem m\u00e9lt\u00f3ak arra a dics\u0151\u00edt\u00e9sre, amelyet a katolikus egyh\u00e1zt\u00f3l&nbsp; ma is kapnak. A protest\u00e1nsok vallj\u00e1k, hogy az embereket&nbsp;nem szabad&nbsp;tetteik\u00e9rt dics\u0151\u00edteni, magasztalni, hanem egyed\u00fcl Istennek kell adni a dics\u0151s\u00e9get, aki a teremt\u0151je,&nbsp; megv\u00e1lt\u00f3ja&nbsp; \u00e9s megszentel\u0151je az embereknek.<\/p>\n\n\n\n<p><\/p>\n\n\n\n<p>***<\/p>\n\n\n\n<h2 class=\"wp-block-heading has-text-align-right is-style-asterisk has-accent-3-color has-text-color has-link-color wp-elements-49c1173335fef30d9769702469472763\"><strong><em>\u201eHa megvalljuk b\u0171neinket, h\u0171 \u00e9s igaz \u0150: megbocs\u00e1tja b\u0171neinket, \u00e9s megtiszt\u00edt minket minden gonoszs\u00e1gt\u00f3l.&#8221;<\/em><\/strong>&nbsp;<\/h2>\n\n\n\n<p class=\"has-text-align-center has-accent-3-color has-text-color has-link-color wp-elements-a8bb5acb2f2e95a205811f102aa85cbb\">(1J\u00e1nos 1,9)<\/p>\n\n\n\n<div style=\"height:0px\" aria-hidden=\"true\" class=\"wp-block-spacer wp-container-content-4f2ccadb\"><\/div>\n\n\n\n<p style=\"font-size:0.6rem\">***<\/p>\n\n\n\n<p class=\"has-text-align-center\" style=\"font-size:0.6rem\"><strong>Az emberi \u00e9let C\u00c9LJA a f\u00f6ld\u00f6n egyed\u00fcl Isten dics\u0151s\u00e9g\u00e9nek szolg\u00e1lata.<\/strong><\/p>\n\n\n\n<p class=\"has-text-align-center\" style=\"font-size:0.6rem\"><strong>***<\/strong><br><strong>&#8220;Az\u00e9rt vagyunk a vil\u00e1gon, hogy a kegyelem \u00e1ltal megvil\u00e1gos\u00edttatva, \u00e9let\u00fcnkkel \u00e9s hal\u00e1lunkkal az \u00dar J\u00e9zust dics\u0151its\u00fck, azut\u00e1n pedig \u00f6r\u00f6kre Vele egy\u00fctt legy\u00fcnk.&#8221;<\/strong> <\/p>\n\n\n\n<p class=\"has-text-align-center\" style=\"font-size:0.6rem\"><strong>(K\u00e1lvin J\u00e1nos)<\/strong><br><strong>***<\/strong><\/p>\n\n\n\n<p style=\"font-size:0.6rem\"><strong><\/strong><em>\u201eEz\u00e9rt szeretett testv\u00e9reim legyetek szil\u00e1rdak, rend\u00edthetetlenek.<\/em><\/p>\n\n\n\n<p style=\"font-size:0.6rem\"><em><\/em><em>Buzg\u00f3lkodjatok mindenkor az \u00dar munk\u00e1j\u00e1ban,<\/em><\/p>\n\n\n\n<p style=\"font-size:0.6rem\"><em>hiszen tudj\u00e1tok, hogy f\u00e1radoz\u00e1sotok nem hi\u00e1baval\u00f3 az \u00darban.&#8221;<\/em><\/p>\n\n\n\n<p style=\"font-size:0.6rem\">1Korinthus 15,58<\/p>\n\n\n\n<p style=\"font-size:0.6rem\">***<\/p>\n\n\n\n<p style=\"font-size:0.6rem\">Az emberi \u00e9let c\u00e9lja a f\u00f6ld\u00f6n egyed\u00fcl Isten dics\u0151s\u00e9g\u00e9nek szolg\u00e1lata. Isten minden h\u00edv\u0151 gyermeke, az\u00e9rt van a vil\u00e1gon, hogy Isten dics\u0151s\u00e9g\u00e9re \u00e9ljen, \u00e9s a vil\u00e1g az \u0151 \u00e9lete \u00e1ltal \u00e1ld\u00e1st nyerjen.<\/p>\n\n\n\n<p style=\"font-size:0.6rem\">A h\u00edv\u0151 ember Krisztus megv\u00e1lt\u00f3 hal\u00e1l\u00e1nak \u00e9s felt\u00e1mad\u00e1s\u00e1nak minden \u00e1ld\u00e1s\u00e1ban r\u00e9szesedik.<br>Mert, aki ma b\u0171nbocs\u00e1natra, \u00e1ld\u00e1sra, b\u00e9kess\u00e9gre, nyugalomra, biztons\u00e1gra \u00e9s \u00fcdv\u00f6ss\u00e9gre v\u00e1gyik, az egyszer\u0171en nem \u00e9lhet J\u00e9zus Krisztus n\u00e9lk\u00fcl, mert ezeket csak \u0150 adhatja meg!<br><br>A k\u00e9tezer \u00e9ves kereszty\u00e9ns\u00e9g t\u00f6rt\u00e9nete alatt hitelt \u00e9rdeml\u0151en bizony\u00edtott t\u00e9ny az, hogy<br>ahol az \u00dar J\u00e9zus Krisztust ismerik, szeretik \u00e9s szeretve k\u00f6vetik, ott megold\u00e1s van,<br>b\u00e9kess\u00e9g van, biztons\u00e1g van, \u00e1ld\u00e1s van, mert ott mennyei \u00c9LET van.<\/p>\n\n\n\n<p style=\"font-size:0.6rem\">Ott mindv\u00e9gig megmaradnak a hitben, a Krisztusk\u00f6vet\u00e9sben, ott h\u0171s\u00e9gesen kitartanak a pr\u00f3b\u00e1k, a szenved\u00e9sek k\u00f6z\u00f6tt is, mert ahol \u0150 jelen van, ott Isten orsz\u00e1ga van jelen.<br>Mert ahol az \u00dar J\u00e9zus Krisztus jelen van, ott Isten orsz\u00e1g\u00e1nak b\u00e9kess\u00e9ge \u00e9s boldogs\u00e1ga van jelen.<br><br>Legyen sz\u00e1munkra mindig er\u0151forr\u00e1s az, hogy nek\u00fcnk a hal\u00e1lon is gy\u0151ztes, felt\u00e1madott Kir\u00e1lyunk van.&nbsp;Erre a mindhal\u00e1lig tart\u00f3 Krisztusk\u00f6vet\u00e9sre h\u00edv minket a mi Isten\u00fcnk.<br><br>Engedj\u00fck, hogy Szentlelke \u00e9s Szent Ig\u00e9je \u00e1ltal form\u00e1lja az \u00e9let\u00fcnket akarat\u00e1nak megfelel\u0151en.<br>Akik m\u00e1r vele \u00e9lik \u00e9let\u00fcket, naponta h\u00e1l\u00e1s sz\u00edvvel r\u00e1csod\u00e1lkozhatnak Isten hatalm\u00e1ra, nagys\u00e1g\u00e1ra, t\u00f6k\u00e9letess\u00e9g\u00e9re, b\u00e9kess\u00e9g\u00e9re, szeretet\u00e9re, \u00e1ld\u00e1saira, biztons\u00e1got ad\u00f3 jelenl\u00e9t\u00e9re.<br><br>Az Anyaszentegyh\u00e1z Isten Szentlelke \u00e1ltal vez\u00e9relten k\u00fcldet\u00e9s\u00e9t bet\u00f6ltve v\u00e1lik igazi lelki k\u00f6z\u00f6ss\u00e9gg\u00e9, lelki otthonn\u00e1, lelki b\u00f6lcs\u0151v\u00e9.<br>Ahol a h\u00edv\u0151k egyek a Krisztusban \u00e9s egy\u00fctt r\u00e9szes\u00fclnek a s\u00e1kramentumokban.<br>Mint lelki csal\u00e1d \u0151szint\u00e9n egy\u00fctt tudnak s\u00edrni \u00e9s \u00f6r\u00fclni.<br>Krisztusban boldogan \u00e9lhetnek egyet\u00e9rt\u00e9sben, testv\u00e9ri k\u00f6z\u00f6ss\u00e9gben, szeretetben, b\u00e9kess\u00e9gben.<br>Mert ez az Egyh\u00e1z Ur\u00e1nak akarata, amely sz\u00e1mukra j\u00f3, sz\u00e9p, kedves \u00e9s gy\u00f6ny\u00f6r\u0171s\u00e9ges, ahol krisztusi m\u00f3don gyakorolhatj\u00e1k a k\u00f6lcs\u00f6n\u00f6s tiszteletad\u00e1st, megbecs\u00fcl\u00e9st, bocs\u00e1natk\u00e9r\u00e9st \u00e9s megbocs\u00e1t\u00e1st.<br><br>\u201e\u00d3, mily sz\u00e9p \u00e9s mily gy\u00f6ny\u00f6r\u0171s\u00e9ges, ha a testv\u00e9rek egyet\u00e9rt\u00e9sben \u00e9lnek! Csak oda k\u00fcld \u00e1ld\u00e1st az \u00dar \u00e9s \u00e9letet \u00f6r\u00f6kk\u00e9!&#8221; (Zsolt\u00e1rok 133:1-3)<\/p>\n\n\n\n<p><\/p>\n\n\n\n<p>Trencs\u00e9nyi L\u00e1szl\u00f3<\/p>\n\n\n\n<p class=\"has-text-align-center\">reform\u00e1tus lelk\u00e9sz<\/p>\n<\/div>\n<\/div>\n\n\n\n<figure class=\"wp-block-image size-full\"><img loading=\"lazy\" decoding=\"async\" width=\"720\" height=\"960\" src=\"https:\/\/www.pestujhely.reformatus.hu\/wp-content\/uploads\/2025\/10\/Soli-Deo-Gloria-111.jpg\" alt=\"\" class=\"wp-image-160\" srcset=\"https:\/\/www.pestujhely.reformatus.hu\/wp-content\/uploads\/2025\/10\/Soli-Deo-Gloria-111.jpg 720w, https:\/\/www.pestujhely.reformatus.hu\/wp-content\/uploads\/2025\/10\/Soli-Deo-Gloria-111-225x300.jpg 225w\" sizes=\"auto, (max-width: 720px) 100vw, 720px\" \/><\/figure>\n\n\n\n<div class=\"wp-block-group alignfull has-global-padding is-layout-constrained wp-container-core-group-is-layout-d89aad35 wp-block-group-is-layout-constrained\" style=\"margin-top:0;margin-bottom:0;padding-top:var(--wp--preset--spacing--50);padding-right:var(--wp--preset--spacing--50);padding-bottom:var(--wp--preset--spacing--50);padding-left:var(--wp--preset--spacing--50)\">\n<div class=\"wp-block-group alignwide has-global-padding is-layout-constrained wp-container-core-group-is-layout-19e250f3 wp-block-group-is-layout-constrained\">\n<div class=\"wp-block-group is-vertical is-content-justification-center is-layout-flex wp-container-core-group-is-layout-6329a8f3 wp-block-group-is-layout-flex\">\n<h2 class=\"wp-block-heading has-text-align-center is-style-asterisk\"><\/h2>\n\n\n\n<p class=\"has-text-align-center\">.<\/p>\n<\/div>\n\n\n\n<div style=\"height:var(--wp--preset--spacing--40)\" aria-hidden=\"true\" class=\"wp-block-spacer\"><\/div>\n\n\n\n<div class=\"wp-block-columns alignwide is-layout-flex wp-container-core-columns-is-layout-d1c656ed wp-block-columns-is-layout-flex\">\n<div class=\"wp-block-column is-vertically-aligned-center is-layout-flow wp-block-column-is-layout-flow\" style=\"flex-basis:40%\">\n<h3 class=\"wp-block-heading is-style-asterisk\"><\/h3>\n\n\n\n<ul style=\"line-height:1.75\" class=\"wp-block-list is-style-checkmark-list\">\n<li><\/li>\n<\/ul>\n<\/div>\n\n\n\n<div class=\"wp-block-column is-layout-flow wp-block-column-is-layout-flow\" style=\"flex-basis:50%\">\n<div class=\"wp-block-group has-global-padding is-layout-constrained wp-block-group-is-layout-constrained\">\n<details class=\"wp-block-details is-layout-flow wp-block-details-is-layout-flow\"><summary><\/summary>\n<figure class=\"wp-block-image size-full\"><img loading=\"lazy\" decoding=\"async\" width=\"720\" height=\"960\" src=\"https:\/\/www.pestujhely.reformatus.hu\/wp-content\/uploads\/2025\/09\/2Tim-2-22.jpg\" alt=\"\" class=\"wp-image-66\" srcset=\"https:\/\/www.pestujhely.reformatus.hu\/wp-content\/uploads\/2025\/09\/2Tim-2-22.jpg 720w, https:\/\/www.pestujhely.reformatus.hu\/wp-content\/uploads\/2025\/09\/2Tim-2-22-225x300.jpg 225w\" sizes=\"auto, (max-width: 720px) 100vw, 720px\" \/><\/figure>\n<\/details>\n<\/div>\n<\/div>\n<\/div>\n\n\n\n<div style=\"height:var(--wp--preset--spacing--40)\" aria-hidden=\"true\" class=\"wp-block-spacer\"><\/div>\n\n\n\n<div class=\"wp-block-columns alignwide is-layout-flex wp-container-core-columns-is-layout-d1c656ed wp-block-columns-is-layout-flex\">\n<div class=\"wp-block-column is-layout-flow wp-block-column-is-layout-flow\" style=\"flex-basis:50%\">\n<figure class=\"wp-block-image size-full\"><img loading=\"lazy\" decoding=\"async\" width=\"720\" height=\"960\" src=\"https:\/\/www.pestujhely.reformatus.hu\/wp-content\/uploads\/2025\/09\/Zsolt-37-5.jpg\" alt=\"\" class=\"wp-image-67\" srcset=\"https:\/\/www.pestujhely.reformatus.hu\/wp-content\/uploads\/2025\/09\/Zsolt-37-5.jpg 720w, https:\/\/www.pestujhely.reformatus.hu\/wp-content\/uploads\/2025\/09\/Zsolt-37-5-225x300.jpg 225w\" sizes=\"auto, (max-width: 720px) 100vw, 720px\" \/><\/figure>\n<\/div>\n\n\n\n<div class=\"wp-block-column is-layout-flow wp-block-column-is-layout-flow\"><\/div>\n\n\n\n<div class=\"wp-block-column is-layout-flow wp-block-column-is-layout-flow\"><\/div>\n\n\n\n<div class=\"wp-block-column is-vertically-aligned-center is-layout-flow wp-block-column-is-layout-flow\" style=\"flex-basis:40%\">\n<h3 class=\"wp-block-heading is-style-asterisk\">Coram Deo<\/h3>\n\n\n\n<ul style=\"line-height:1.75\" class=\"wp-block-list is-style-checkmark-list\">\n<li><\/li>\n<\/ul>\n<\/div>\n<\/div>\n<\/div>\n<\/div>\n\n\n\n<div class=\"wp-block-group alignfull has-base-color has-contrast-background-color has-text-color has-background has-global-padding is-layout-constrained wp-container-core-group-is-layout-ef3d885c wp-block-group-is-layout-constrained\" style=\"margin-top:0;margin-bottom:0;padding-top:var(--wp--preset--spacing--60);padding-right:var(--wp--preset--spacing--60);padding-bottom:var(--wp--preset--spacing--60);padding-left:var(--wp--preset--spacing--60)\">\n<div class=\"wp-block-group has-global-padding is-layout-constrained wp-block-group-is-layout-constrained\">\n<p class=\"has-text-align-center has-base-color has-text-color has-heading-font-family has-x-large-font-size\" style=\"line-height:1.2\"><strong>MAGNA CHARTA LIBERTATUM<\/strong><\/p>\n\n\n\n<p><br>Az \u00dar J\u00e9zus Krisztus mondja:<br><strong><em><br>\u201eAz \u00e9g \u00e9s a f\u00f6ld elm\u00falnak, de az \u00e9n besz\u00e9deim soha el nem m\u00falnak.&#8221;<\/em><\/strong>  (M\u00e1rk 13,31)<\/p>\n\n\n\n<p class=\"has-text-align-center\">***<\/p>\n\n\n\n<p>\u201eGy\u0171jtsd \u00f6ssze a n\u00e9pet, hogy meghallgassa Ig\u00e9imet, \u00e9s tanuljanak meg f\u00e9lni engem mindig, am\u00edg csak a f\u00f6ld\u00f6n \u00e9lnek, s\u0151t tan\u00edts\u00e1k meg erre a fiaikat is.&#8221; (5M\u00f3zes 4,10)<\/p>\n\n\n\n<p>A MAGNA CHARTA LIBERTATUM azt jelenti: A Nagy Szabad\u00edt\u00f3okirat!<br><br>Akik Isten kegyelm\u00e9b\u0151l, Krisztus \u00e1ltal megszabadultak, j\u00f3l ismerik a Szabad\u00edt\u00f3 sz\u00edv\u00e9t, \u00e9rt\u00fck meghozott dr\u00e1ga \u00e1ldozat\u00e1t. J\u00f3l ismerik a Krisztus \u00e1tsz\u00f6gezett kez\u00e9t, amellyel kimentette \u0151ket a b\u0171nb\u0151l, pokolb\u00f3l, hal\u00e1lb\u00f3l, k\u00e1rhozatb\u00f3l.<br><br>Sz\u00e1mukra a h\u00edv\u0151 \u00e9let MAGNA CHART\u00c1JA, a szabads\u00e1guk egyed\u00fcli forr\u00e1sa \u00e9s biztos garanci\u00e1ja, az \u00dar J\u00e9zus Krisztus golgotai kereszt\u00e1ldozata. Ez\u00e9rt \u201eK\u00f6vetik a B\u00e1r\u00e1nyt, b\u00e1rhov\u00e1 megy.&#8221; (Jelen\u00e9sek 14,4) Ez\u00e9rt H\u00c1L\u00c1SAK Neki mind\u00f6r\u00f6kk\u00e9.<\/p>\n\n\n\n<p>\u201eHirdesd az Ig\u00e9t, \u00e1llj el\u0151 vele alkalmatos, alkalmatlan id\u0151ben, ints, feddj, buzd\u00edts teljes b\u00e9ket\u0171r\u00e9ssel \u00e9s tan\u00edt\u00e1ssal.&#8221;&nbsp;(2Tim\u00f3theus 4,2)<\/p>\n\n\n\n<p>A Reform\u00e1tus Egyh\u00e1z mindig is az Ige Egyh\u00e1z\u00e1nak vallotta mag\u00e1t.&nbsp;Mindig az Ige tiszta hirdet\u00e9s\u00e9rt, \u00e9s tiszta meg\u00e9rt\u00e9s\u00e9rt k\u00fczd\u00f6tt.&nbsp;A reform\u00e1torok mindent Istenre n\u00e9zve \u00e9s benne b\u00edzva cselekedtek, \u00e9s imm\u00e1r \u00f6tsz\u00e1z esztendeje tudjuk, hogy j\u00f3l v\u00e1lasztottak, mert a dics\u0151s\u00e9ges Szenth\u00e1roms\u00e1g, egy, \u00f6r\u00f6k Isten igazolta \u0151ket!<\/p>\n\n\n\n<p>Az IGAZ EGYH\u00c1Z k\u00fcls\u0151 ismertet\u0151jegyei k\u00f6z\u00f6tt az els\u0151 helyen szerepel az Isten Ig\u00e9j\u00e9nek tiszta hirdet\u00e9se \u00e9s tiszta hallgat\u00e1sa. Ez az Egyh\u00e1z legfontosabb ism\u00e9rve, mert \u00edgy ragaszkodik a kereszty\u00e9n vall\u00e1s alapjaihoz \u00e9s \u00edgy hat befoly\u00e1s\u00e1val a hitre \u00e9s a gyakorlatra.<\/p>\n\n\n\n<p>*&nbsp; *&nbsp; *<\/p>\n\n\n\n<p>\u201eA mi Isten\u00fcnkt\u0151l b\u00e1tors\u00e1got kaptunk arra, hogy ny\u00edltan hirdess\u00fck nektek Isten evang\u00e9lium\u00e1t. Mert a mi igehirdet\u00e9s\u00fcnk nem t\u00e9velyg\u00e9sb\u0151l ered, nem is tiszt\u00e1talan sz\u00e1nd\u00e9kb\u00f3l, nem is \u00e1lnoks\u00e1gb\u00f3l. Hanem mivel Isten \u00edt\u00e9lt minket alkalmasnak arra, hogy r\u00e1nk b\u00edzza az evang\u00e9liumot, \u00fagy hirdetj\u00fck azt, mint akik nem embereknek akarunk tetszeni, hanem a sz\u00edv\u00fcnket vizsg\u00e1l\u00f3 Istennek&#8230; Ti vagytok a tan\u00faim \u00e9s az Isten: milyen szentek, igazak \u00e9s feddhetetlenek voltunk k\u00f6z\u00f6ttetek, akik hisztek.&#8221;&nbsp;(1Thesszalonika 2, 2-4, 10)<\/p>\n\n\n\n<p>Trencs\u00e9nyi L\u00e1szl\u00f3<br>reform\u00e1tus lelkip\u00e1sztor<\/p>\n\n\n\n<p class=\"has-text-align-center has-base-color has-text-color has-heading-font-family has-x-large-font-size\" style=\"line-height:1.2\">***<\/p>\n\n\n\n<div style=\"height:var(--wp--preset--spacing--10)\" aria-hidden=\"true\" class=\"wp-block-spacer\"><\/div>\n\n\n\n<div class=\"wp-block-group is-vertical is-content-justification-center is-nowrap is-layout-flex wp-container-core-group-is-layout-2dc08cea wp-block-group-is-layout-flex\">\n\n\n<p class=\"has-text-align-center\" style=\"margin-top:var(--wp--preset--spacing--10);margin-bottom:0\">L\u00e1szl\u00f3 Trencs\u00e9nyi<\/p>\n\n\n\n<p class=\"has-text-align-center has-contrast-3-color has-text-color has-small-font-size\" style=\"font-style:normal;font-weight:300\">CEO, Greenprint<\/p>\n<\/div>\n<\/div>\n<\/div>\n\n\n\n<div class=\"wp-block-group alignfull has-global-padding is-layout-constrained wp-container-core-group-is-layout-d89aad35 wp-block-group-is-layout-constrained\" style=\"margin-top:0;margin-bottom:0;padding-top:var(--wp--preset--spacing--50);padding-right:var(--wp--preset--spacing--50);padding-bottom:var(--wp--preset--spacing--50);padding-left:var(--wp--preset--spacing--50)\">\n<h2 class=\"wp-block-heading alignwide has-x-large-font-size\" style=\"margin-top:0;margin-bottom:var(--wp--preset--spacing--40);line-height:1\">Watch, Read, Listen<\/h2>\n\n\n\n<div class=\"wp-block-group alignwide has-global-padding is-layout-constrained wp-block-group-is-layout-constrained\">\n<div class=\"wp-block-query alignwide is-layout-flow wp-block-query-is-layout-flow\">\n\n\n<div style=\"height:var(--wp--preset--spacing--30)\" aria-hidden=\"true\" class=\"wp-block-spacer\"><\/div>\n\n\n\n\n<div class=\"wp-block-query-no-results\">\n\n<p>No posts were found.<\/p>\n\n<\/div><\/div>\n<\/div>\n<\/div>\n\n\n\n<div class=\"wp-block-group alignfull has-global-padding is-layout-constrained wp-container-core-group-is-layout-d89aad35 wp-block-group-is-layout-constrained\" style=\"margin-top:0;margin-bottom:0;padding-top:var(--wp--preset--spacing--50);padding-right:var(--wp--preset--spacing--50);padding-bottom:var(--wp--preset--spacing--50);padding-left:var(--wp--preset--spacing--50)\">\n<div class=\"wp-block-group alignwide has-base-2-background-color has-background has-global-padding is-layout-constrained wp-container-core-group-is-layout-39412042 wp-block-group-is-layout-constrained\" style=\"border-radius:16px;padding-top:var(--wp--preset--spacing--40);padding-right:var(--wp--preset--spacing--50);padding-bottom:var(--wp--preset--spacing--40);padding-left:var(--wp--preset--spacing--50)\">\n<div style=\"height:var(--wp--preset--spacing--10)\" aria-hidden=\"true\" class=\"wp-block-spacer\"><\/div>\n\n\n\n<h2 class=\"wp-block-heading has-text-align-center has-x-large-font-size\">Join 900+ subscribers<\/h2>\n\n\n\n<p class=\"has-text-align-center\">Stay in the loop with everything you need to know.<\/p>\n\n\n\n<div class=\"wp-block-buttons is-content-justification-center is-layout-flex wp-container-core-buttons-is-layout-a89b3969 wp-block-buttons-is-layout-flex\">\n<div class=\"wp-block-button\"><a class=\"wp-block-button__link wp-element-button\">Sign up<\/a><\/div>\n<\/div>\n\n\n\n<div style=\"height:var(--wp--preset--spacing--10)\" aria-hidden=\"true\" class=\"wp-block-spacer\"><\/div>\n<\/div>\n<\/div>\n","protected":false},"excerpt":{"rendered":"<p>Soli Deo Gloria &#8220;Mert \u0150t\u0151le, \u0150\u00e1ltala \u00e9s \u0150re\u00e1 n\u00e9zve vannak mindenek. \u00d6v\u00e9 a dics\u0151s\u00e9g mind\u00f6r\u00f6kk\u00e9. \u00c1men.&#8221; R\u00f3ma 11,36 Soli Deo Gloria = Egyed\u00fcl Isten\u00e9 a dics\u0151s\u00e9g! \u201eInk\u00e1bb milli\u00f3szor vesszen el ez a vil\u00e1g, minthogy Isten dics\u0151s\u00e9ge a legcsek\u00e9lyebb m\u00f3don is csorb\u00e1t szenvedjen.&#8221; K\u00e1lvin J\u00e1nos A Soli Deo Gloria elv volt K\u00e1lvin sz\u00e1m\u00e1ra a legels\u0151 \u00e9s [&hellip;]<\/p>\n","protected":false},"author":1,"featured_media":0,"parent":0,"menu_order":0,"comment_status":"closed","ping_status":"closed","template":"","meta":{"footnotes":""},"class_list":["post-64","page","type-page","status-publish","hentry"],"_links":{"self":[{"href":"https:\/\/www.pestujhely.reformatus.hu\/index.php?rest_route=\/wp\/v2\/pages\/64","targetHints":{"allow":["GET"]}}],"collection":[{"href":"https:\/\/www.pestujhely.reformatus.hu\/index.php?rest_route=\/wp\/v2\/pages"}],"about":[{"href":"https:\/\/www.pestujhely.reformatus.hu\/index.php?rest_route=\/wp\/v2\/types\/page"}],"author":[{"embeddable":true,"href":"https:\/\/www.pestujhely.reformatus.hu\/index.php?rest_route=\/wp\/v2\/users\/1"}],"replies":[{"embeddable":true,"href":"https:\/\/www.pestujhely.reformatus.hu\/index.php?rest_route=%2Fwp%2Fv2%2Fcomments&post=64"}],"version-history":[{"count":12,"href":"https:\/\/www.pestujhely.reformatus.hu\/index.php?rest_route=\/wp\/v2\/pages\/64\/revisions"}],"predecessor-version":[{"id":300,"href":"https:\/\/www.pestujhely.reformatus.hu\/index.php?rest_route=\/wp\/v2\/pages\/64\/revisions\/300"}],"wp:attachment":[{"href":"https:\/\/www.pestujhely.reformatus.hu\/index.php?rest_route=%2Fwp%2Fv2%2Fmedia&parent=64"}],"curies":[{"name":"wp","href":"https:\/\/api.w.org\/{rel}","templated":true}]}}